{"id":5376,"date":"2019-02-22T09:27:33","date_gmt":"2019-02-22T09:27:33","guid":{"rendered":"http:\/\/demo.zozothemes.com\/breno\/?page_id=5376"},"modified":"2023-08-11T19:18:45","modified_gmt":"2023-08-12T01:18:45","slug":"contactanos","status":"publish","type":"page","link":"https:\/\/netzero-community.com\/prueba\/contactanos\/","title":{"rendered":"Cont\u00e1ctanos"},"content":{"rendered":"<p><strong>Direcci\u00f3n:<\/strong><br \/>\nMasagua 15, Colonia Valle del Tepeyac,<br \/>\nCiudad de M\u00e9xico, Gustavo A. Madero,<br \/>\nC.P. 07740, M\u00e9xico<\/p>\n<p><strong>Email:<\/strong><br \/>\ncontacto@netzero-communitiy.com<\/p>\n","protected":false},"excerpt":{"rendered":"Direcci\u00f3n: Masagua 15, Colonia Valle del Tepeyac, Ciudad de M\u00e9xico, Gustavo A. Madero, C.P. 07740, M\u00e9xico Email: contacto@netzero-communitiy.com\n","protected":false},"author":1,"featured_media":0,"parent":0,"menu_order":0,"comment_status":"closed","ping_status":"closed","template":"","meta":{"csco_singular_sidebar":"","csco_page_header_type":"","csco_custom_appearance":"","csco_disable_excerpt_posts_layout":false,"csco_page_load_nextpost":"","csco_post_video_location":[],"csco_post_video_location_hash":"","csco_post_video_url":"","csco_post_video_bg_start_time":0,"csco_post_video_bg_end_time":0,"footnotes":""},"class_list":{"0":"post-5376","1":"page","2":"type-page","3":"status-publish","5":"cs-entry","6":"cs-video-wrap"},"yoast_head":"<!-- This site is optimized with the Yoast SEO plugin v27.4 - https:\/\/yoast.com\/product\/yoast-seo-wordpress\/ -->\n<title>Cont\u00e1ctanos - Net-Zero Community<\/title>\n<meta name=\"robots\" content=\"index, follow, max-snippet:-1, max-image-preview:large, max-video-preview:-1\" \/>\n<link rel=\"canonical\" href=\"https:\/\/netzero-community.com\/prueba\/contactanos\/\" \/>\n<meta property=\"og:locale\" content=\"es_ES\" \/>\n<meta property=\"og:type\" content=\"article\" \/>\n<meta property=\"og:title\" content=\"Cont\u00e1ctanos - Net-Zero Community\" \/>\n<meta property=\"og:description\" content=\"Direcci\u00f3n: Masagua 15, Colonia Valle del Tepeyac, Ciudad de M\u00e9xico, Gustavo A. Madero, C.P. 07740, M\u00e9xico Email: contacto@netzero-communitiy.com\" \/>\n<meta property=\"og:url\" content=\"https:\/\/netzero-community.com\/prueba\/contactanos\/\" \/>\n<meta property=\"og:site_name\" content=\"Net-Zero Community\" \/>\n<meta property=\"article:publisher\" content=\"https:\/\/www.facebook.com\/NetZeroCommunity\" \/>\n<meta property=\"article:modified_time\" content=\"2023-08-12T01:18:45+00:00\" \/>\n<meta name=\"twitter:card\" content=\"summary_large_image\" \/>\n<meta name=\"twitter:label1\" content=\"Tiempo de lectura\" \/>\n\t<meta name=\"twitter:data1\" content=\"1 minuto\" \/>\n<script type=\"application\/ld+json\" class=\"yoast-schema-graph\">{\"@context\":\"https:\\\/\\\/schema.org\",\"@graph\":[{\"@type\":\"WebPage\",\"@id\":\"https:\\\/\\\/netzero-community.com\\\/prueba\\\/contactanos\\\/\",\"url\":\"https:\\\/\\\/netzero-community.com\\\/prueba\\\/contactanos\\\/\",\"name\":\"Cont\u00e1ctanos - Net-Zero Community\",\"isPartOf\":{\"@id\":\"https:\\\/\\\/netzero-community.com\\\/prueba\\\/#website\"},\"datePublished\":\"2019-02-22T09:27:33+00:00\",\"dateModified\":\"2023-08-12T01:18:45+00:00\",\"breadcrumb\":{\"@id\":\"https:\\\/\\\/netzero-community.com\\\/prueba\\\/contactanos\\\/#breadcrumb\"},\"inLanguage\":\"es\",\"potentialAction\":[{\"@type\":\"ReadAction\",\"target\":[\"https:\\\/\\\/netzero-community.com\\\/prueba\\\/contactanos\\\/\"]}]},{\"@type\":\"BreadcrumbList\",\"@id\":\"https:\\\/\\\/netzero-community.com\\\/prueba\\\/contactanos\\\/#breadcrumb\",\"itemListElement\":[{\"@type\":\"ListItem\",\"position\":1,\"name\":\"Portada\",\"item\":\"https:\\\/\\\/netzero-community.com\\\/prueba\\\/\"},{\"@type\":\"ListItem\",\"position\":2,\"name\":\"Cont\u00e1ctanos\"}]},{\"@type\":\"WebSite\",\"@id\":\"https:\\\/\\\/netzero-community.com\\\/prueba\\\/#website\",\"url\":\"https:\\\/\\\/netzero-community.com\\\/prueba\\\/\",\"name\":\"Net-Zero Community\",\"description\":\"Net-Zero Community es una publicaci\u00f3n digital sobre el panorama de la sustentabilidad en M\u00e9xico y Latinoam\u00e9rica y las soluciones tecnol\u00f3gicas y de servicios existentes para conseguir la descarbonizaci\u00f3n\",\"publisher\":{\"@id\":\"https:\\\/\\\/netzero-community.com\\\/prueba\\\/#organization\"},\"potentialAction\":[{\"@type\":\"SearchAction\",\"target\":{\"@type\":\"EntryPoint\",\"urlTemplate\":\"https:\\\/\\\/netzero-community.com\\\/prueba\\\/?s={search_term_string}\"},\"query-input\":{\"@type\":\"PropertyValueSpecification\",\"valueRequired\":true,\"valueName\":\"search_term_string\"}}],\"inLanguage\":\"es\"},{\"@type\":\"Organization\",\"@id\":\"https:\\\/\\\/netzero-community.com\\\/prueba\\\/#organization\",\"name\":\"Net-Zero Community\",\"url\":\"https:\\\/\\\/netzero-community.com\\\/prueba\\\/\",\"logo\":{\"@type\":\"ImageObject\",\"inLanguage\":\"es\",\"@id\":\"https:\\\/\\\/netzero-community.com\\\/prueba\\\/#\\\/schema\\\/logo\\\/image\\\/\",\"url\":\"https:\\\/\\\/netzero-community.com\\\/prueba\\\/wp-content\\\/uploads\\\/2023\\\/02\\\/nzc-logotipo.jpg\",\"contentUrl\":\"https:\\\/\\\/netzero-community.com\\\/prueba\\\/wp-content\\\/uploads\\\/2023\\\/02\\\/nzc-logotipo.jpg\",\"width\":696,\"height\":696,\"caption\":\"Net-Zero Community\"},\"image\":{\"@id\":\"https:\\\/\\\/netzero-community.com\\\/prueba\\\/#\\\/schema\\\/logo\\\/image\\\/\"},\"sameAs\":[\"https:\\\/\\\/www.facebook.com\\\/NetZeroCommunity\"]}]}<\/script>\n<!-- \/ Yoast SEO plugin. -->","yoast_head_json":{"title":"Cont\u00e1ctanos - Net-Zero Community","robots":{"index":"index","follow":"follow","max-snippet":"max-snippet:-1","max-image-preview":"max-image-preview:large","max-video-preview":"max-video-preview:-1"},"canonical":"https:\/\/netzero-community.com\/prueba\/contactanos\/","og_locale":"es_ES","og_type":"article","og_title":"Cont\u00e1ctanos - Net-Zero Community","og_description":"Direcci\u00f3n: Masagua 15, Colonia Valle del Tepeyac, Ciudad de M\u00e9xico, Gustavo A. Madero, C.P. 07740, M\u00e9xico Email: contacto@netzero-communitiy.com","og_url":"https:\/\/netzero-community.com\/prueba\/contactanos\/","og_site_name":"Net-Zero Community","article_publisher":"https:\/\/www.facebook.com\/NetZeroCommunity","article_modified_time":"2023-08-12T01:18:45+00:00","twitter_card":"summary_large_image","twitter_misc":{"Tiempo de lectura":"1 minuto"},"schema":{"@context":"https:\/\/schema.org","@graph":[{"@type":"WebPage","@id":"https:\/\/netzero-community.com\/prueba\/contactanos\/","url":"https:\/\/netzero-community.com\/prueba\/contactanos\/","name":"Cont\u00e1ctanos - Net-Zero Community","isPartOf":{"@id":"https:\/\/netzero-community.com\/prueba\/#website"},"datePublished":"2019-02-22T09:27:33+00:00","dateModified":"2023-08-12T01:18:45+00:00","breadcrumb":{"@id":"https:\/\/netzero-community.com\/prueba\/contactanos\/#breadcrumb"},"inLanguage":"es","potentialAction":[{"@type":"ReadAction","target":["https:\/\/netzero-community.com\/prueba\/contactanos\/"]}]},{"@type":"BreadcrumbList","@id":"https:\/\/netzero-community.com\/prueba\/contactanos\/#breadcrumb","itemListElement":[{"@type":"ListItem","position":1,"name":"Portada","item":"https:\/\/netzero-community.com\/prueba\/"},{"@type":"ListItem","position":2,"name":"Cont\u00e1ctanos"}]},{"@type":"WebSite","@id":"https:\/\/netzero-community.com\/prueba\/#website","url":"https:\/\/netzero-community.com\/prueba\/","name":"Net-Zero Community","description":"Net-Zero Community es una publicaci\u00f3n digital sobre el panorama de la sustentabilidad en M\u00e9xico y Latinoam\u00e9rica y las soluciones tecnol\u00f3gicas y de servicios existentes para conseguir la descarbonizaci\u00f3n","publisher":{"@id":"https:\/\/netzero-community.com\/prueba\/#organization"},"potentialAction":[{"@type":"SearchAction","target":{"@type":"EntryPoint","urlTemplate":"https:\/\/netzero-community.com\/prueba\/?s={search_term_string}"},"query-input":{"@type":"PropertyValueSpecification","valueRequired":true,"valueName":"search_term_string"}}],"inLanguage":"es"},{"@type":"Organization","@id":"https:\/\/netzero-community.com\/prueba\/#organization","name":"Net-Zero Community","url":"https:\/\/netzero-community.com\/prueba\/","logo":{"@type":"ImageObject","inLanguage":"es","@id":"https:\/\/netzero-community.com\/prueba\/#\/schema\/logo\/image\/","url":"https:\/\/netzero-community.com\/prueba\/wp-content\/uploads\/2023\/02\/nzc-logotipo.jpg","contentUrl":"https:\/\/netzero-community.com\/prueba\/wp-content\/uploads\/2023\/02\/nzc-logotipo.jpg","width":696,"height":696,"caption":"Net-Zero Community"},"image":{"@id":"https:\/\/netzero-community.com\/prueba\/#\/schema\/logo\/image\/"},"sameAs":["https:\/\/www.facebook.com\/NetZeroCommunity"]}]}},"_links":{"self":[{"href":"https:\/\/netzero-community.com\/prueba\/wp-json\/wp\/v2\/pages\/5376","targetHints":{"allow":["GET"]}}],"collection":[{"href":"https:\/\/netzero-community.com\/prueba\/wp-json\/wp\/v2\/pages"}],"about":[{"href":"https:\/\/netzero-community.com\/prueba\/wp-json\/wp\/v2\/types\/page"}],"author":[{"embeddable":true,"href":"https:\/\/netzero-community.com\/prueba\/wp-json\/wp\/v2\/users\/1"}],"replies":[{"embeddable":true,"href":"https:\/\/netzero-community.com\/prueba\/wp-json\/wp\/v2\/comments?post=5376"}],"version-history":[{"count":17,"href":"https:\/\/netzero-community.com\/prueba\/wp-json\/wp\/v2\/pages\/5376\/revisions"}],"predecessor-version":[{"id":6936,"href":"https:\/\/netzero-community.com\/prueba\/wp-json\/wp\/v2\/pages\/5376\/revisions\/6936"}],"wp:attachment":[{"href":"https:\/\/netzero-community.com\/prueba\/wp-json\/wp\/v2\/media?parent=5376"}],"curies":[{"name":"wp","href":"https:\/\/api.w.org\/{rel}","templated":true}]}}